{"id":115,"date":"2023-03-23T19:55:28","date_gmt":"2023-03-23T18:55:28","guid":{"rendered":"https:\/\/pecsibelyegkor.hu\/?page_id=115"},"modified":"2024-01-13T15:41:18","modified_gmt":"2024-01-13T14:41:18","slug":"arveres","status":"publish","type":"page","link":"http:\/\/pecsibelyegkor.hu\/en\/arveres\/","title":{"rendered":"Auction"},"content":{"rendered":"<div data-elementor-type=\"wp-page\" data-elementor-id=\"115\" class=\"elementor elementor-115\">\n\t\t\t\t<div class=\"elementor-element elementor-element-f482cf9 e-flex e-con-boxed e-con e-parent\" data-id=\"f482cf9\" data-element_type=\"container\" data-e-type=\"container\">\n\t\t\t\t\t<div class=\"e-con-inner\">\n\t\t\t\t<div class=\"elementor-element elementor-element-d2b3b2f elementor-widget elementor-widget-image\" data-id=\"d2b3b2f\" data-element_type=\"widget\" data-e-type=\"widget\" data-widget_type=\"image.default\">\n\t\t\t\t<div class=\"elementor-widget-container\">\n\t\t\t\t\t\t\t\t\t\t\t\t\t\t\t\t<a href=\"https:\/\/pecsibelyegkor.hu\/wp-content\/uploads\/2023\/10\/Pecs_4_arveres_2023.10.15.xlsx\" target=\"_blank\">\n\t\t\t\t\t\t\t<img fetchpriority=\"high\" decoding=\"async\" width=\"525\" height=\"394\" src=\"https:\/\/pecsibelyegkor.hu\/wp-content\/uploads\/2023\/10\/4.-Arveres-1024x768.jpg\" class=\"attachment-large size-large wp-image-1278\" alt=\"\" srcset=\"https:\/\/pecsibelyegkor.hu\/wp-content\/uploads\/2023\/10\/4.-Arveres-1024x768.jpg 1024w, https:\/\/pecsibelyegkor.hu\/wp-content\/uploads\/2023\/10\/4.-Arveres-300x225.jpg 300w, https:\/\/pecsibelyegkor.hu\/wp-content\/uploads\/2023\/10\/4.-Arveres-768x576.jpg 768w, https:\/\/pecsibelyegkor.hu\/wp-content\/uploads\/2023\/10\/4.-Arveres-1536x1152.jpg 1536w, https:\/\/pecsibelyegkor.hu\/wp-content\/uploads\/2023\/10\/4.-Arveres-16x12.jpg 16w, https:\/\/pecsibelyegkor.hu\/wp-content\/uploads\/2023\/10\/4.-Arveres.jpg 1803w\" sizes=\"100vw\" \/>\t\t\t\t\t\t\t\t<\/a>\n\t\t\t\t\t\t\t\t\t\t\t\t\t\t\t<\/div>\n\t\t\t\t<\/div>\n\t\t\t\t\t<\/div>\n\t\t\t\t<\/div>\n\t\t\t\t<section class=\"elementor-section elementor-top-section elementor-element elementor-element-2d7c0d17 elementor-section-boxed elementor-section-height-default elementor-section-height-default\" data-id=\"2d7c0d17\" data-element_type=\"section\" data-e-type=\"section\">\n\t\t\t\t\t\t<div class=\"elementor-container elementor-column-gap-default\">\n\t\t\t\t\t<div class=\"elementor-column elementor-col-100 elementor-top-column elementor-element elementor-element-53794774\" data-id=\"53794774\" data-element_type=\"column\" data-e-type=\"column\">\n\t\t\t<div class=\"elementor-widget-wrap elementor-element-populated\">\n\t\t\t\t\t\t<div class=\"elementor-element elementor-element-6a6b8fbe elementor-widget elementor-widget-text-editor\" data-id=\"6a6b8fbe\" data-element_type=\"widget\" data-e-type=\"widget\" data-widget_type=\"text-editor.default\">\n\t\t\t\t<div class=\"elementor-widget-container\">\n\t\t\t\t\t\t\t\t\t<p><\/p>\n<h3><span style=\"color: #0000ff;\"><strong>Dr. Danis L\u00e1szl\u00f3 B\u00e9lyeggy\u0171jt\u0151 K\u00f6r &#8211; \u00c1<\/strong><\/span><span style=\"color: #0000ff;\"><strong>RVER\u00c9SI OLDAL<\/strong><\/span><\/h3>\n<p><\/p>\n<hr class=\"wp-block-separator has-alpha-channel-opacity\" \/>\n<p><\/p>\n<p>Tisztelt Gy\u0171jt\u0151t\u00e1rsak!<br \/>Kedves Bar\u00e1taink!<\/p>\n<p><\/p>\n<p>\u00d6r\u00f6mmel \u00e9rtes\u00edt\u00fcnk mindenkit, hogy a Dr. Danis L\u00e1szl\u00f3 B\u00e9lyeggy\u0171jt\u0151 K\u00f6r <span style=\"color: #ff0000;\"><strong>2023. okt\u00f3ber 15. napj\u00e1n 09:00-i kezdettel <\/strong><\/span>megtartja <span style=\"color: #ff0000;\"><strong>4. K\u00f6ri \u00e1rver\u00e9s<\/strong><\/span>\u00e9t!<\/p>\n<p><\/p>\n<p>Az aukci\u00f3 r\u00e9szletei \u00e9s a t\u00e9telek list\u00e1ja <span style=\"color: #0000ff;\"><strong>az \u00e1rver\u00e9si kalap\u00e1cs k\u00e9p\u00e9re kattinva<\/strong><\/span>, let\u00f6lthet\u0151 excel (.xlsx) t\u00e1bl\u00e1zatban.<\/p>\n<p><\/p>\n<p><strong><span style=\"color: #339966;\">Vev\u0151i jutal\u00e9k nincs<\/span><\/strong> (de a t\u00e9telek postai k\u00fcld\u00e9s\u00e9\u00e9rt k\u00fcl\u00f6n d\u00edjat sz\u00e1m\u00edtunk fel)!<\/p>\n<p><\/p>\n<p>Aj\u00e1nlatokat (\u00edr\u00e1sban, e-mailen, telefonon) <strong><span style=\"color: #ff0000;\">2023. okt\u00f3ber 14. napj\u00e1n 16:30-ig<\/span><\/strong> fogadunk, k\u00e9r\u00e9sre a t\u00e9telek t\u00f6bbs\u00e9g\u00e9r\u0151l e-mailen k\u00e9pet k\u00fcld\u00fcnk.<\/p>\n<p>A <span style=\"color: #0000ff;\"><strong><a style=\"color: #0000ff;\" href=\"https:\/\/www.facebook.com\/profile.php?id=100091081093638\" target=\"_blank\" rel=\"noopener\">Facebook oldalunkon<\/a><\/strong><\/span> m\u00e1r t\u00f6bb k\u00e9p megtal\u00e1lhat\u00f3!<\/p>\n<p><\/p>\n<p>Gy\u0171jt\u0151t\u00e1rsi \u00fcdv\u00f6zlettel,<\/p>\n<p><\/p>\n<p>a Dr. Danis L\u00e1szl\u00f3 B\u00e9lyeggy\u0171jt\u0151 K\u00f6r vezet\u0151s\u00e9ge<\/p>\n<p><\/p>\t\t\t\t\t\t\t\t<\/div>\n\t\t\t\t<\/div>\n\t\t\t\t\t<\/div>\n\t\t<\/div>\n\t\t\t\t\t<\/div>\n\t\t<\/section>\n\t\t\t\t<section class=\"elementor-section elementor-top-section elementor-element elementor-element-569006a elementor-section-boxed elementor-section-height-default elementor-section-height-default\" data-id=\"569006a\" data-element_type=\"section\" data-e-type=\"section\">\n\t\t\t\t\t\t<div class=\"elementor-container elementor-column-gap-default\">\n\t\t\t\t\t<div class=\"elementor-column elementor-col-100 elementor-top-column elementor-element elementor-element-4c3f438\" data-id=\"4c3f438\" data-element_type=\"column\" data-e-type=\"column\">\n\t\t\t<div class=\"elementor-widget-wrap elementor-element-populated\">\n\t\t\t\t\t\t<div class=\"elementor-element elementor-element-aebda8c elementor-widget elementor-widget-image\" data-id=\"aebda8c\" data-element_type=\"widget\" data-e-type=\"widget\" data-widget_type=\"image.default\">\n\t\t\t\t<div class=\"elementor-widget-container\">\n\t\t\t\t\t\t\t\t\t\t\t\t\t\t\t\t<a href=\"https:\/\/pecsibelyegkor.hu\/wp-content\/uploads\/2023\/10\/Pecs_4_arveres_2023.10.15.xlsx\" target=\"_blank\">\n\t\t\t\t\t\t\t<img decoding=\"async\" width=\"495\" height=\"324\" src=\"https:\/\/pecsibelyegkor.hu\/wp-content\/uploads\/2019\/02\/Hammer.jpg\" class=\"attachment-medium_large size-medium_large wp-image-788\" alt=\"\u00c1RVER\u00c9S\" srcset=\"https:\/\/pecsibelyegkor.hu\/wp-content\/uploads\/2019\/02\/Hammer.jpg 495w, https:\/\/pecsibelyegkor.hu\/wp-content\/uploads\/2019\/02\/Hammer-300x196.jpg 300w, https:\/\/pecsibelyegkor.hu\/wp-content\/uploads\/2019\/02\/Hammer-18x12.jpg 18w\" sizes=\"100vw\" \/>\t\t\t\t\t\t\t\t<\/a>\n\t\t\t\t\t\t\t\t\t\t\t\t\t\t\t<\/div>\n\t\t\t\t<\/div>\n\t\t\t\t\t<\/div>\n\t\t<\/div>\n\t\t\t\t\t<\/div>\n\t\t<\/section>\n\t\t\t\t<section class=\"elementor-section elementor-top-section elementor-element elementor-element-93fb88b elementor-section-boxed elementor-section-height-default elementor-section-height-default\" data-id=\"93fb88b\" data-element_type=\"section\" data-e-type=\"section\">\n\t\t\t\t\t\t<div class=\"elementor-container elementor-column-gap-default\">\n\t\t\t\t\t<div class=\"elementor-column elementor-col-100 elementor-top-column elementor-element elementor-element-06a72aa\" data-id=\"06a72aa\" data-element_type=\"column\" data-e-type=\"column\">\n\t\t\t<div class=\"elementor-widget-wrap elementor-element-populated\">\n\t\t\t\t\t\t<div class=\"elementor-element elementor-element-84f244e elementor-widget-divider--view-line elementor-widget elementor-widget-divider\" data-id=\"84f244e\" data-element_type=\"widget\" data-e-type=\"widget\" data-widget_type=\"divider.default\">\n\t\t\t\t<div class=\"elementor-widget-container\">\n\t\t\t\t\t\t\t<div class=\"elementor-divider\">\n\t\t\t<span class=\"elementor-divider-separator\">\n\t\t\t\t\t\t<\/span>\n\t\t<\/div>\n\t\t\t\t\t\t<\/div>\n\t\t\t\t<\/div>\n\t\t\t\t\t<\/div>\n\t\t<\/div>\n\t\t\t\t\t<\/div>\n\t\t<\/section>\n\t\t\t\t<section class=\"elementor-section elementor-top-section elementor-element elementor-element-24c9784 elementor-section-boxed elementor-section-height-default elementor-section-height-default\" data-id=\"24c9784\" data-element_type=\"section\" data-e-type=\"section\">\n\t\t\t\t\t\t<div class=\"elementor-container elementor-column-gap-default\">\n\t\t\t\t\t<div class=\"elementor-column elementor-col-100 elementor-top-column elementor-element elementor-element-ff7023b\" data-id=\"ff7023b\" data-element_type=\"column\" data-e-type=\"column\">\n\t\t\t<div class=\"elementor-widget-wrap elementor-element-populated\">\n\t\t\t\t\t\t<div class=\"elementor-element elementor-element-bef2e63 elementor-widget elementor-widget-text-editor\" data-id=\"bef2e63\" data-element_type=\"widget\" data-e-type=\"widget\" data-widget_type=\"text-editor.default\">\n\t\t\t\t<div class=\"elementor-widget-container\">\n\t\t\t\t\t\t\t\t\t<h3><strong><span style=\"color: #0000ff;\">\u00c1rver\u00e9si ARCH\u00cdVUM<\/span>\u00a0<\/strong><strong>(M\u00e1r lez\u00e1rult \u00e1rver\u00e9sek)<\/strong><strong>:<\/strong><\/h3>\n<p>3. K\u00f6ri \u00c1rver\u00e9s (2023.05.14): <strong><span style=\"color: #0000ff;\"><a style=\"color: #0000ff;\" href=\"https:\/\/pecsibelyegkor.hu\/wp-content\/uploads\/2023\/04\/Pecs_3_arveres_2023.05.14.xlsx\" target=\"_blank\" rel=\"noopener\">T\u00e9teljegyz\u00e9k.xlsx<\/a><\/span><\/strong><\/p>\n<p>2. K\u00f6ri \u00c1rver\u00e9s (2020.11.22): <strong><span style=\"color: #0000ff;\"><a style=\"color: #0000ff;\" href=\"https:\/\/pecsibelyegkor.hu\/wp-content\/uploads\/2023\/03\/PVBK_2_arveres_2020.11.22..xlsx\" target=\"_blank\" rel=\"noopener\">T\u00e9teljegyz\u00e9k.xlsx<\/a><\/span><\/strong><\/p>\n<p>1. K\u00f6ri \u00e1rver\u00e9s (2019.03.10): <strong><span style=\"color: #0000ff;\"><a style=\"color: #0000ff;\" href=\"https:\/\/pecsibelyegkor.hu\/wp-content\/uploads\/2019\/02\/PVBK_1_arveres_2019.03.10.xls\" target=\"_blank\" rel=\"noopener\">T\u00e9teljegyz\u00e9k.xls<\/a><\/span><\/strong><\/p>\t\t\t\t\t\t\t\t<\/div>\n\t\t\t\t<\/div>\n\t\t\t\t\t<\/div>\n\t\t<\/div>\n\t\t\t\t\t<\/div>\n\t\t<\/section>\n\t\t\t\t<\/div>","protected":false},"excerpt":{"rendered":"<p>Dr. Danis L\u00e1szl\u00f3 B\u00e9lyeggy\u0171jt\u0151 K\u00f6r &#8211; \u00c1RVER\u00c9SI OLDAL Tisztelt Gy\u0171jt\u0151t\u00e1rsak!Kedves Bar\u00e1taink! \u00d6r\u00f6mmel \u00e9rtes\u00edt\u00fcnk mindenkit, hogy a Dr. Danis L\u00e1szl\u00f3 B\u00e9lyeggy\u0171jt\u0151 K\u00f6r 2023. okt\u00f3ber 15. napj\u00e1n 09:00-i kezdettel megtartja 4. K\u00f6ri \u00e1rver\u00e9s\u00e9t! Az aukci\u00f3 r\u00e9szletei \u00e9s a t\u00e9telek list\u00e1ja az \u00e1rver\u00e9si kalap\u00e1cs k\u00e9p\u00e9re kattinva, let\u00f6lthet\u0151 excel (.xlsx) t\u00e1bl\u00e1zatban. Vev\u0151i jutal\u00e9k nincs (de a t\u00e9telek postai k\u00fcld\u00e9s\u00e9\u00e9rt &hellip; <\/p>\n<p class=\"link-more\"><a href=\"http:\/\/pecsibelyegkor.hu\/en\/arveres\/\" class=\"more-link\">Continue reading<span class=\"screen-reader-text\"> &#8222;\u00c1rver\u00e9s&#8221;<\/span><\/a><\/p>","protected":false},"author":2,"featured_media":0,"parent":0,"menu_order":0,"comment_status":"closed","ping_status":"closed","template":"","meta":{"_seopress_robots_primary_cat":"","_seopress_titles_title":"\u00c1rver\u00e9s","_seopress_titles_desc":"","_seopress_robots_index":"","footnotes":""},"class_list":["post-115","page","type-page","status-publish","hentry"],"_links":{"self":[{"href":"http:\/\/pecsibelyegkor.hu\/en\/wp-json\/wp\/v2\/pages\/115","targetHints":{"allow":["GET"]}}],"collection":[{"href":"http:\/\/pecsibelyegkor.hu\/en\/wp-json\/wp\/v2\/pages"}],"about":[{"href":"http:\/\/pecsibelyegkor.hu\/en\/wp-json\/wp\/v2\/types\/page"}],"author":[{"embeddable":true,"href":"http:\/\/pecsibelyegkor.hu\/en\/wp-json\/wp\/v2\/users\/2"}],"replies":[{"embeddable":true,"href":"http:\/\/pecsibelyegkor.hu\/en\/wp-json\/wp\/v2\/comments?post=115"}],"version-history":[{"count":80,"href":"http:\/\/pecsibelyegkor.hu\/en\/wp-json\/wp\/v2\/pages\/115\/revisions"}],"predecessor-version":[{"id":1487,"href":"http:\/\/pecsibelyegkor.hu\/en\/wp-json\/wp\/v2\/pages\/115\/revisions\/1487"}],"wp:attachment":[{"href":"http:\/\/pecsibelyegkor.hu\/en\/wp-json\/wp\/v2\/media?parent=115"}],"curies":[{"name":"wp","href":"https:\/\/api.w.org\/{rel}","templated":true}]}}