{"id":317,"date":"2023-03-24T02:36:27","date_gmt":"2023-03-24T01:36:27","guid":{"rendered":"https:\/\/pecsibelyegkor.hu\/?page_id=317"},"modified":"2023-10-13T10:55:57","modified_gmt":"2023-10-13T08:55:57","slug":"dr-danis-laszlo","status":"publish","type":"page","link":"https:\/\/pecsibelyegkor.hu\/en\/dr-danis-laszlo\/","title":{"rendered":"Dr. L\u00e1szl\u00f3 Danis"},"content":{"rendered":"<div data-elementor-type=\"wp-page\" data-elementor-id=\"317\" class=\"elementor elementor-317\">\n\t\t\t\t<div class=\"elementor-element elementor-element-6c64f2fb e-flex e-con-boxed e-con e-parent\" data-id=\"6c64f2fb\" data-element_type=\"container\" data-e-type=\"container\">\n\t\t\t\t\t<div class=\"e-con-inner\">\n\t\t\t\t<div class=\"elementor-element elementor-element-51258c71 elementor-widget elementor-widget-text-editor\" data-id=\"51258c71\" data-element_type=\"widget\" data-e-type=\"widget\" data-widget_type=\"text-editor.default\">\n\t\t\t\t<div class=\"elementor-widget-container\">\n\t\t\t\t\t\t\t\t\t<p><\/p>\n<p>Ezzel az oldallal tisztelg\u00fcnk b\u00e9lyeggy\u0171jt\u0151 k\u00f6r\u00fcnk n\u00e9vad\u00f3ja, Dr. Danis L\u00e1szl\u00f3 eml\u00e9ke el\u0151tt!<\/p>\n<p><\/p>\t\t\t\t\t\t\t\t<\/div>\n\t\t\t\t<\/div>\n\t\t\t\t<div class=\"elementor-element elementor-element-6057f22 elementor-widget elementor-widget-image\" data-id=\"6057f22\" data-element_type=\"widget\" data-e-type=\"widget\" data-widget_type=\"image.default\">\n\t\t\t\t<div class=\"elementor-widget-container\">\n\t\t\t\t\t\t\t\t\t\t\t\t\t\t\t<img fetchpriority=\"high\" decoding=\"async\" width=\"448\" height=\"365\" src=\"https:\/\/pecsibelyegkor.hu\/wp-content\/uploads\/2023\/10\/Dr.-Danis-Laszlo-DN-1984.XII_.11.jpg\" class=\"attachment-large size-large wp-image-1319\" alt=\"\" srcset=\"https:\/\/pecsibelyegkor.hu\/wp-content\/uploads\/2023\/10\/Dr.-Danis-Laszlo-DN-1984.XII_.11.jpg 448w, https:\/\/pecsibelyegkor.hu\/wp-content\/uploads\/2023\/10\/Dr.-Danis-Laszlo-DN-1984.XII_.11-300x244.jpg 300w, https:\/\/pecsibelyegkor.hu\/wp-content\/uploads\/2023\/10\/Dr.-Danis-Laszlo-DN-1984.XII_.11-15x12.jpg 15w\" sizes=\"100vw\" \/>\t\t\t\t\t\t\t\t\t\t\t\t\t\t\t<\/div>\n\t\t\t\t<\/div>\n\t\t\t\t\t<\/div>\n\t\t\t\t<\/div>\n\t\t<div class=\"elementor-element elementor-element-08ea1cf e-flex e-con-boxed e-con e-parent\" data-id=\"08ea1cf\" data-element_type=\"container\" data-e-type=\"container\">\n\t\t\t\t\t<div class=\"e-con-inner\">\n\t\t\t\t<div class=\"elementor-element elementor-element-4a54329 elementor-widget elementor-widget-image\" data-id=\"4a54329\" data-element_type=\"widget\" data-e-type=\"widget\" data-widget_type=\"image.default\">\n\t\t\t\t<div class=\"elementor-widget-container\">\n\t\t\t\t\t\t\t\t\t\t\t\t\t\t\t<img decoding=\"async\" width=\"146\" height=\"80\" src=\"https:\/\/pecsibelyegkor.hu\/wp-content\/uploads\/2023\/10\/Dr.-Danis-Laszlo-alairas-kicsi.jpg\" class=\"attachment-full size-full wp-image-1401\" alt=\"\" srcset=\"https:\/\/pecsibelyegkor.hu\/wp-content\/uploads\/2023\/10\/Dr.-Danis-Laszlo-alairas-kicsi.jpg 146w, https:\/\/pecsibelyegkor.hu\/wp-content\/uploads\/2023\/10\/Dr.-Danis-Laszlo-alairas-kicsi-18x10.jpg 18w\" sizes=\"100vw\" \/>\t\t\t\t\t\t\t\t\t\t\t\t\t\t\t<\/div>\n\t\t\t\t<\/div>\n\t\t\t\t\t<\/div>\n\t\t\t\t<\/div>\n\t\t<div class=\"elementor-element elementor-element-5bb3734 e-flex e-con-boxed e-con e-parent\" data-id=\"5bb3734\" data-element_type=\"container\" data-e-type=\"container\">\n\t\t\t\t\t<div class=\"e-con-inner\">\n\t\t\t\t<div class=\"elementor-element elementor-element-5ac6b4a elementor-widget elementor-widget-text-editor\" data-id=\"5ac6b4a\" data-element_type=\"widget\" data-e-type=\"widget\" data-widget_type=\"text-editor.default\">\n\t\t\t\t<div class=\"elementor-widget-container\">\n\t\t\t\t\t\t\t\t\t<p><strong>Dr. L\u00e1szl\u00f3 Danis<\/strong><br \/>(1922.07.16. \u00d3becse \u2013 2005.01.01. P\u00e9cs)<\/p>\n<p>Egyetemi tanulm\u00e1nyait Z\u00e1gr\u00e1bban kezdte, Szegeden folytatta \u00e9s Budapesten fejezte be.<br \/>1950-ben kinevezt\u00e9k alorvoss\u00e1, 1950. m\u00e1jus\u00e1ban a Honv\u00e9ds\u00e9g \u00e1llom\u00e1ny\u00e1ba ker\u00fclt.<br \/>1950 j\u00fanius\u00e1ban seb\u00e9szeti szakvizsg\u00e1t tett, majd mint seb\u00e9sz orvos dolgozott Budapesten, Debrecenben.<br \/>1954-ben ker\u00fclt a p\u00e9csi 2. sz. Honv\u00e9dk\u00f3rh\u00e1z seb\u00e9szet\u00e9re, mint oszt\u00e1lyvezet\u0151-helyettes.<br \/>Dolgozott Keszthelyen seb\u00e9szk\u00e9nt, ahol megismerte leend\u0151 feles\u00e9g\u00e9t.\u00a0<br \/><span style=\"color: var( --e-global-color-text ); font-family: var( --e-global-typography-text-font-family ), Sans-serif; font-weight: var( --e-global-typography-text-font-weight ); text-align: var(--text-align); font-size: 1rem;\">1958-1962 k\u00f6z\u00f6tt a Szigetv\u00e1ri K\u00f3rh\u00e1z seb\u00e9szet\u00e9t vezette oszt\u00e1lyvezet\u0151 f\u0151orvosk\u00e9nt.<br \/><\/span><span style=\"color: var( --e-global-color-text ); font-family: var( --e-global-typography-text-font-family ), Sans-serif; font-weight: var( --e-global-typography-text-font-weight ); text-align: var(--text-align); font-size: 1rem;\">1962-ben \u00fajj\u00e1alakult a 3. sz. p\u00e9csi Honv\u00e9dk\u00f3rh\u00e1z, ahova visszah\u00edvt\u00e1k \u00e9s kinevezt\u00e9k a traumatol\u00f3giai oszt\u00e1ly f\u0151orvos\u00e1v\u00e1. <\/span>Szakorvosi (traumatol\u00f3gus) k\u00e9pes\u00edt\u00e9s\u00e9t 1963. m\u00e1jusban szerezte meg.<br \/><span style=\"font-size: 1rem;\">1977. szeptember\u00e9ben mint orvos-alezredes, baleseti seb\u00e9sz f\u0151orvos ment nyugd\u00edjba.<br \/><\/span><span style=\"font-size: 1rem;\">2005. janu\u00e1r elsej\u00e9n t\u00e1vozott az \u00e9l\u0151k k\u00f6z\u00fcl.<\/span><\/p>\t\t\t\t\t\t\t\t<\/div>\n\t\t\t\t<\/div>\n\t\t\t\t<div class=\"elementor-element elementor-element-83fdb0f elementor-widget-divider--view-line elementor-widget elementor-widget-divider\" data-id=\"83fdb0f\" data-element_type=\"widget\" data-e-type=\"widget\" data-widget_type=\"divider.default\">\n\t\t\t\t<div class=\"elementor-widget-container\">\n\t\t\t\t\t\t\t<div class=\"elementor-divider\">\n\t\t\t<span class=\"elementor-divider-separator\">\n\t\t\t\t\t\t<\/span>\n\t\t<\/div>\n\t\t\t\t\t\t<\/div>\n\t\t\t\t<\/div>\n\t\t\t\t\t<\/div>\n\t\t\t\t<\/div>\n\t\t<div class=\"elementor-element elementor-element-288dda1 e-flex e-con-boxed e-con e-parent\" data-id=\"288dda1\" data-element_type=\"container\" data-e-type=\"container\">\n\t\t\t\t\t<div class=\"e-con-inner\">\n\t\t\t\t<div class=\"elementor-element elementor-element-55261d3 elementor-widget elementor-widget-text-editor\" data-id=\"55261d3\" data-element_type=\"widget\" data-e-type=\"widget\" data-widget_type=\"text-editor.default\">\n\t\t\t\t<div class=\"elementor-widget-container\">\n\t\t\t\t\t\t\t\t\t<p>Megv\u00e1rta m\u00e9g a szilvesztert \u00e9s az \u00faj\u00e9v hajnal\u00e1n \u00f6r\u00f6kre lecsukta szem\u00e9t 83 \u00e9ves kor\u00e1ban a klasszikus magyar b\u00e9lyegek nagy tud\u00e1s\u00fa gy\u0171jt\u0151je. \u00c9lete nagy r\u00e9sz\u00e9t a p\u00e9csi honv\u00e9ds\u00e9gi k\u00f3rh\u00e1zban t\u00f6lt\u00f6tte seb\u00e9sz professzork\u00e9nt, ahova m\u00e9g nyugd\u00edjaz\u00e1sa ut\u00e1n is vissza-visszat\u00e9rt, a betegek nagy \u00f6r\u00f6m\u00e9re. Az idegfesz\u00edt\u0151 napi munka mellett kiv\u00e1l\u00f3 fel\u00fcd\u00fcl\u00e9st jelentett sz\u00e1m\u00e1ra a b\u00e9lyegekkel val\u00f3 foglalatoskod\u00e1s. Legnagyobb \u00f6r\u00f6m\u00e9t az <strong>Osztr\u00e1k Posta Magyarorsz\u00e1gon<\/strong> (OPM) ter\u00fcletben lelte meg, azon bel\u00fcl is a legnehezebbre v\u00e1llalkozott, az 1850-es kiad\u00e1st dolgozta fel eur\u00f3pai szinten.<\/p>\n<p>Gy\u0171jt\u0151i hajlama \u00f6r\u00f6kletes, \u00e9desapja is gy\u0171jt\u00f6tt b\u00e9lyegeket, \u00e9rm\u00e9ket, jelv\u00e9nyeket, gyufac\u00edmk\u00e9ket.<\/p>\n<p>Az 1986-ban kiadott \u201eA Magyar B\u00e9lyegek K\u00e9zik\u00f6nyv\u00e9ben\u201d az OPM fejezet az \u0150 keze munk\u00e1j\u00e1t t\u00fckr\u00f6zi. Meg\u00e1llap\u00edt\u00e1sai m\u00e9g ma is meg\u00e1llj\u00e1k a hely\u00fcket, a k\u00f6nyvet forgat\u00f3k legnagyobb \u00f6r\u00f6m\u00e9re!<br \/>Ki\u00e1ll\u00edt\u00f3k\u00e9nt 1978-ban mutatkozott be a szombathelyi Szocfilex ki\u00e1ll\u00edt\u00e1son, ahol a ki\u00e1ll\u00edt\u00e1s egyik arany\u00e9rm\u00e9t nyerte el anyag\u00e1val. Ezt k\u00f6vet\u0151en gy\u0171jtem\u00e9nye egyre magasabbra emelkedett \u00e9s m\u00e1r csak a nemzetk\u00f6zi porondon lehetett megtekinteni. \u00cdgy a 80-as \u00e9vek elej\u00e9n sorra hozta a <strong>vil\u00e1gki\u00e1ll\u00edt\u00e1sokr\u00f3l a magyar arany\u00e9rmeket<\/strong> (1981 WIPA, 1982 PHILEXFRANCE, 1984 ESPANA), melyeket mindig nagy szeretettel mutatott meg a bar\u00e1ti k\u00f6rnyezet\u00e9nek.<\/p>\n<p>A Magyar Filat\u00e9liai Tudom\u00e1nyos T\u00e1rsas\u00e1gnak az alap\u00edt\u00e1st\u00f3l kezdve, 1989-t\u0151l tagja volt, sz\u00e9kfoglal\u00f3j\u00e1t is az 1850-es kiad\u00e1s v\u00e9s\u00e9sjav\u00edt\u00e1sair\u00f3l tartotta meg 1990-ben.<\/p>\n<p>Gy\u0171jtem\u00e9ny\u00e9t az 1990-es \u00e9vekben eladta, de a b\u00e9lyeggy\u0171jt\u00e9shez \u00e9lete v\u00e9g\u00e9ig h\u0171 maradt, t\u00f6bbek k\u00f6z\u00f6tt a p\u00e9csi v\u00e1rosi k\u00f6r eln\u00f6kek\u00e9nt t\u00f6bb \u00e9ven kereszt\u00fcl seg\u00edtette a filat\u00e9li\u00e1t. Ha ereje engedte, tiszteleti tagk\u00e9nt a Sz\u00f6vets\u00e9g k\u00fcld\u00f6ttgy\u0171l\u00e9sein is gyakran l\u00e1thattuk mosolyg\u00f3s tekintet\u00e9t.<\/p>\n<p style=\"font-weight: 400;\">\u00c9lete m\u00e1sik nagy hobbija a <strong>horg\u00e1szat<\/strong>, amiben ugyanolyan szenved\u00e9lyes volt, mint a b\u00e9lyegek vil\u00e1g\u00e1ban!<\/p>\n<p>Finom humor\u00e1val \u00e9s optimizmus\u00e1val f\u0171szerezte mindig mondanival\u00f3j\u00e1t. Tud\u00e1s\u00e1t sz\u00edvesen megosztotta m\u00e1sokkal, amely sor\u00e1n szem\u00e9lyis\u00e9g\u00e9nek \u00e9rt\u00e9kes jegyei megmutatkoztak. <strong>Nagy tud\u00e1s\u00fa nemzetk\u00f6zi szaktekint\u00e9ly<\/strong> volt a maga ter\u00fclet\u00e9n, akit a b\u00e9lyegek m\u00e9rhetetlen\u00fcl boldogg\u00e1 tudtak tenni, \u00e9s aki sikeres szakmai p\u00e1lyafut\u00e1s ut\u00e1n szerettei k\u00f6r\u00e9ben t\u00e9rt nyugov\u00f3ra.<\/p>\n<p>Tisztelettel hajtunk fejet el\u0151tte, felejthetetlen alakja tov\u00e1bb \u00e9l k\u00f6z\u00f6tt\u00fcnk!<\/p>\t\t\t\t\t\t\t\t<\/div>\n\t\t\t\t<\/div>\n\t\t\t\t\t<\/div>\n\t\t\t\t<\/div>\n\t\t<div class=\"elementor-element elementor-element-fc9d98d e-flex e-con-boxed e-con e-parent\" data-id=\"fc9d98d\" data-element_type=\"container\" data-e-type=\"container\">\n\t\t\t\t\t<div class=\"e-con-inner\">\n\t\t\t\t<div class=\"elementor-element elementor-element-defb629 elementor-widget elementor-widget-text-editor\" data-id=\"defb629\" data-element_type=\"widget\" data-e-type=\"widget\" data-widget_type=\"text-editor.default\">\n\t\t\t\t<div class=\"elementor-widget-container\">\n\t\t\t\t\t\t\t\t\t<p><strong>MAB\u00c9OSZ\u00a0 d\u00edjak, elismer\u00e9sek:<br \/><\/strong>1981: MAB\u00c9OSZ Arany kit\u00fcntet\u0151 jelv\u00e9ny<br \/>1977: MAB\u00c9OSZ Ez\u00fcst kit\u00fcntet\u0151 jelv\u00e9ny<br \/>1976: Gazda Gyula V\u00e1ndord\u00edj (a P\u00e9cs V\u00e1rosi B\u00e9lyeggy\u0171jt\u0151 K\u00f6r eln\u00f6kek\u00e9nt)<\/p>\n<p><strong>Arany fokozat\u00fa ki\u00e1ll\u00edt\u00e1si eredm\u00e9nyek:<br \/><\/strong>Osztr\u00e1k Posta Magyarorsz\u00e1gon: az 1850 \u00e9vi kiad\u00e1s<br \/>1984: ESPANA \u201984, Madrid<br \/>1982: PHILEXFRANCE \u201982, P\u00e1rizs<br \/>1981: WIPA, B\u00e9cs<br \/>1978: SZOCFILEX \u201978, Szombathely<\/p>\n<p><strong>Cikkek:<br \/><\/strong>Az 1867-es kiad\u00e1s\u00fa durvaszak\u00e1ll\u00fa 5 kr-os b\u00e9lyeg alt\u00edpus v\u00e1ltozatai (Philatelica, 83\/2, 17-19. o.)<\/p>\t\t\t\t\t\t\t\t<\/div>\n\t\t\t\t<\/div>\n\t\t\t\t<div class=\"elementor-element elementor-element-45e1e1e elementor-widget elementor-widget-image\" data-id=\"45e1e1e\" data-element_type=\"widget\" data-e-type=\"widget\" data-widget_type=\"image.default\">\n\t\t\t\t<div class=\"elementor-widget-container\">\n\t\t\t\t\t\t\t\t\t\t\t\t<figure class=\"wp-caption\">\n\t\t\t\t\t\t\t\t\t\t\t<a href=\"https:\/\/pecsibelyegkor.hu\/wp-content\/uploads\/2023\/10\/Philatelica-83-2-cikk.pdf\" target=\"_blank\">\n\t\t\t\t\t\t\t<img decoding=\"async\" width=\"300\" height=\"249\" src=\"https:\/\/pecsibelyegkor.hu\/wp-content\/uploads\/2023\/10\/Philatelica-83-2-cimlap-300x249.jpg\" class=\"attachment-medium size-medium wp-image-1335\" alt=\"Philatelica 83\/2\" srcset=\"https:\/\/pecsibelyegkor.hu\/wp-content\/uploads\/2023\/10\/Philatelica-83-2-cimlap-300x249.jpg 300w, https:\/\/pecsibelyegkor.hu\/wp-content\/uploads\/2023\/10\/Philatelica-83-2-cimlap-14x12.jpg 14w, https:\/\/pecsibelyegkor.hu\/wp-content\/uploads\/2023\/10\/Philatelica-83-2-cimlap.jpg 621w\" sizes=\"100vw\" \/>\t\t\t\t\t\t\t\t<\/a>\n\t\t\t\t\t\t\t\t\t\t\t<figcaption class=\"widget-image-caption wp-caption-text\">Philatelica 83\/2<\/figcaption>\n\t\t\t\t\t\t\t\t\t\t<\/figure>\n\t\t\t\t\t\t\t\t\t<\/div>\n\t\t\t\t<\/div>\n\t\t\t\t\t<\/div>\n\t\t\t\t<\/div>\n\t\t\t\t<\/div>","protected":false},"excerpt":{"rendered":"<p>Ezzel az oldallal tisztelg\u00fcnk b\u00e9lyeggy\u0171jt\u0151 k\u00f6r\u00fcnk n\u00e9vad\u00f3ja, Dr. Danis L\u00e1szl\u00f3 eml\u00e9ke el\u0151tt! Dr. Danis L\u00e1szl\u00f3(1922.07.16. \u00d3becse \u2013 2005.01.01. P\u00e9cs) Egyetemi tanulm\u00e1nyait Z\u00e1gr\u00e1bban kezdte, Szegeden folytatta \u00e9s Budapesten fejezte be.1950-ben kinevezt\u00e9k alorvoss\u00e1, 1950. m\u00e1jus\u00e1ban a Honv\u00e9ds\u00e9g \u00e1llom\u00e1ny\u00e1ba ker\u00fclt.1950 j\u00fanius\u00e1ban seb\u00e9szeti szakvizsg\u00e1t tett, majd mint seb\u00e9sz orvos dolgozott Budapesten, Debrecenben.1954-ben ker\u00fclt a p\u00e9csi 2. sz. Honv\u00e9dk\u00f3rh\u00e1z seb\u00e9szet\u00e9re, &hellip; <\/p>\n<p class=\"link-more\"><a href=\"https:\/\/pecsibelyegkor.hu\/en\/dr-danis-laszlo\/\" class=\"more-link\">Continue reading<span class=\"screen-reader-text\"> &#8222;Dr. Danis L\u00e1szl\u00f3&#8221;<\/span><\/a><\/p>","protected":false},"author":2,"featured_media":0,"parent":0,"menu_order":0,"comment_status":"closed","ping_status":"closed","template":"","meta":{"_seopress_robots_primary_cat":"","_seopress_titles_title":"Dr. Danis L\u00e1szl\u00f3","_seopress_titles_desc":"","_seopress_robots_index":"","footnotes":""},"class_list":["post-317","page","type-page","status-publish","hentry"],"_links":{"self":[{"href":"https:\/\/pecsibelyegkor.hu\/en\/wp-json\/wp\/v2\/pages\/317","targetHints":{"allow":["GET"]}}],"collection":[{"href":"https:\/\/pecsibelyegkor.hu\/en\/wp-json\/wp\/v2\/pages"}],"about":[{"href":"https:\/\/pecsibelyegkor.hu\/en\/wp-json\/wp\/v2\/types\/page"}],"author":[{"embeddable":true,"href":"https:\/\/pecsibelyegkor.hu\/en\/wp-json\/wp\/v2\/users\/2"}],"replies":[{"embeddable":true,"href":"https:\/\/pecsibelyegkor.hu\/en\/wp-json\/wp\/v2\/comments?post=317"}],"version-history":[{"count":64,"href":"https:\/\/pecsibelyegkor.hu\/en\/wp-json\/wp\/v2\/pages\/317\/revisions"}],"predecessor-version":[{"id":1404,"href":"https:\/\/pecsibelyegkor.hu\/en\/wp-json\/wp\/v2\/pages\/317\/revisions\/1404"}],"wp:attachment":[{"href":"https:\/\/pecsibelyegkor.hu\/en\/wp-json\/wp\/v2\/media?parent=317"}],"curies":[{"name":"wp","href":"https:\/\/api.w.org\/{rel}","templated":true}]}}